{"id":2461,"date":"2017-01-24T08:08:38","date_gmt":"2017-01-24T08:08:38","guid":{"rendered":"https:\/\/grandcarrentalv1.themegoods.com\/?page_id=2461"},"modified":"2024-07-09T11:54:22","modified_gmt":"2024-07-09T09:54:22","slug":"about-us","status":"publish","type":"page","link":"https:\/\/formax-car-rent.com\/fr\/about-us\/","title":{"rendered":"\u00c0 propos de nous"},"content":{"rendered":"<div  class=\"one withsmallpadding ppb_header parallax withbg\" style=\"background-image:url(https:\/\/grandcarrentalv1.themegoods.com\/wp-content\/uploads\/2017\/01\/evening.jpg);background-position: center center;text-align:center;padding:305px 0 305px 0;color:#ffffff;\" >\n<div class=\"standard_wrapper\">\n<div class=\"page_content_wrapper\">\n<div class=\"inner\">\n<div style=\"margin:auto;width:60%\">\n<h2 class=\"ppb_title\" style=\"color:#ffffff;\">Nous sommes la famille Formax Car Rent<\/h2>\n<div class=\"page_tagline\" style=\"color:#ffffff;\">Formax Car Rent est une soci\u00e9t\u00e9 de location de voitures de premier plan qui se consacre \u00e0 fournir un service exceptionnel et \u00e0 traiter ses clients comme des membres de la famille. Notre si\u00e8ge social est situ\u00e9 dans la charmante Platja d'Aro et nous sommes fiers de desservir les belles r\u00e9gions de la Costa Brava et de Barcelone.<\/p>\n<p>Ce qui nous distingue, c'est notre engagement in\u00e9branlable \u00e0 fournir un service \u00e0 la client\u00e8le exceptionnel. Nous comprenons que la location d'une voiture est plus qu'un simple d\u00e9placement d'un point A \u00e0 un point B - il s'agit de cr\u00e9er des exp\u00e9riences inoubliables. C'est pourquoi nous nous effor\u00e7ons de vous satisfaire, en r\u00e9pondant \u00e0 vos besoins et pr\u00e9f\u00e9rences individuels \u00e0 chaque \u00e9tape du processus.<\/p>\n<p>Nos services s'\u00e9tendent bien au-del\u00e0 de notre bureau de Platja d'Aro. Nous proposons la livraison et la prise en charge de voitures de location dans toute la r\u00e9gion de la Costa Brava et de Barcelone. Que vous vous pr\u00e9lassiez sur les plages immacul\u00e9es de la Costa Brava ou que vous exploriez les rues anim\u00e9es de Barcelone, nous vous facilitons l'acc\u00e8s \u00e0 un moyen de transport fiable \u00e0 port\u00e9e de main.<\/p>\n<p>En outre, nous assurons des transferts sans tracas vers les a\u00e9roports et les gares. Nos chauffeurs professionnels et amicaux seront l\u00e0 pour vous accueillir, pr\u00eats \u00e0 vous emmener \u00e0 votre destination dans le confort et le style. Nous comprenons que votre voyage commence d\u00e8s que vous descendez de l'avion ou du train, et nous nous effor\u00e7ons de le rendre aussi fluide et agr\u00e9able que possible.<\/p>\n<p>Chez Formax Car Rent, nous croyons au service personnalis\u00e9. Nous prenons le temps de comprendre vos besoins uniques, afin de vous proposer le v\u00e9hicule id\u00e9al pour vos besoins. Que vous voyagiez seul, en famille, avec des amis ou pour un voyage d'affaires, nous avons une large s\u00e9lection de voitures fiables et bien entretenues pour r\u00e9pondre \u00e0 vos pr\u00e9f\u00e9rences et \u00e0 votre budget.<\/p>\n<p>Choisissez Formax Car Rent pour une exp\u00e9rience de location de voiture inoubliable. Avec notre service client\u00e8le exceptionnel, nos options pratiques de livraison et de prise en charge, nos transferts vers les a\u00e9roports et les gares, et notre volont\u00e9 de r\u00e9pondre \u00e0 vos besoins individuels, nous sommes convaincus que nous d\u00e9passerons vos attentes.<\/p>\n<p>Laissez-nous \u00eatre votre compagnon de voyage de confiance sur la Costa Brava et \u00e0 Barcelone. Contactez-nous d\u00e8s aujourd'hui pour r\u00e9server votre voiture de location et embarquez pour un voyage extraordinaire avec Formax Car Rent.<\/p><\/div>\n<\/div>\n<\/div>\n<\/div>\n<\/div>\n<\/div>","protected":false},"excerpt":{"rendered":"<p>We are Formax Car Rent Family Formax Car Rent is a premier car rental company dedicated to providing outstanding service and treating our customers like family. With our headquarters located in the charming Platja d'Aro, we are proud to serve [\u2026]<\/p>","protected":false},"author":1,"featured_media":0,"parent":0,"menu_order":0,"comment_status":"closed","ping_status":"closed","template":"","meta":{"_monsterinsights_skip_tracking":false,"_monsterinsights_sitenote_active":false,"_monsterinsights_sitenote_note":"","_monsterinsights_sitenote_category":0,"footnotes":""},"class_list":["post-2461","page","type-page","status-publish","hentry"],"aioseo_notices":[],"_links":{"self":[{"href":"https:\/\/formax-car-rent.com\/fr\/wp-json\/wp\/v2\/pages\/2461","targetHints":{"allow":["GET"]}}],"collection":[{"href":"https:\/\/formax-car-rent.com\/fr\/wp-json\/wp\/v2\/pages"}],"about":[{"href":"https:\/\/formax-car-rent.com\/fr\/wp-json\/wp\/v2\/types\/page"}],"author":[{"embeddable":true,"href":"https:\/\/formax-car-rent.com\/fr\/wp-json\/wp\/v2\/users\/1"}],"replies":[{"embeddable":true,"href":"https:\/\/formax-car-rent.com\/fr\/wp-json\/wp\/v2\/comments?post=2461"}],"version-history":[{"count":20,"href":"https:\/\/formax-car-rent.com\/fr\/wp-json\/wp\/v2\/pages\/2461\/revisions"}],"predecessor-version":[{"id":4781,"href":"https:\/\/formax-car-rent.com\/fr\/wp-json\/wp\/v2\/pages\/2461\/revisions\/4781"}],"wp:attachment":[{"href":"https:\/\/formax-car-rent.com\/fr\/wp-json\/wp\/v2\/media?parent=2461"}],"curies":[{"name":"wp","href":"https:\/\/api.w.org\/{rel}","templated":true}]}}